{"id":9284,"date":"2024-07-02T02:34:28","date_gmt":"2024-07-02T02:34:28","guid":{"rendered":"https:\/\/smcmarketingdigital.com\/?page_id=9284"},"modified":"2024-07-02T02:44:12","modified_gmt":"2024-07-02T02:44:12","slug":"politica-de-cookies","status":"publish","type":"page","link":"https:\/\/smcmarketingdigital.com\/index.php\/politica-de-cookies\/","title":{"rendered":"Pol\u00edtica de Cookies"},"content":{"rendered":"\t\t<div data-elementor-type=\"wp-page\" data-elementor-id=\"9284\" class=\"elementor elementor-9284\">\n\t\t\t\t\t\t<section class=\"elementor-section elementor-top-section elementor-element elementor-element-5a2d988d elementor-section-height-min-height elementor-section-boxed elementor-section-height-default elementor-section-items-middle\" data-id=\"5a2d988d\" data-element_type=\"section\" data-e-type=\"section\" data-settings=\"{&quot;background_background&quot;:&quot;video&quot;,&quot;background_video_link&quot;:&quot;https:\\\/\\\/youtu.be\\\/M3WKI8bcVfI&quot;,&quot;background_video_start&quot;:0,&quot;background_video_end&quot;:300,&quot;background_play_on_mobile&quot;:&quot;yes&quot;}\">\n\t\t\t\t\t\t\t\t<div class=\"elementor-background-video-container\">\n\t\t\t\t\t\t\t\t\t\t\t\t\t<div class=\"elementor-background-video-embed\" role=\"presentation\"><\/div>\n\t\t\t\t\t\t\t\t\t\t\t\t<\/div>\n\t\t\t\t\t\t\t\t\t<div class=\"elementor-background-overlay\"><\/div>\n\t\t\t\t\t\t\t<div class=\"elementor-container elementor-column-gap-default\">\n\t\t\t\t\t<div class=\"elementor-column elementor-col-100 elementor-top-column elementor-element elementor-element-5ca3b0a9\" data-id=\"5ca3b0a9\" data-element_type=\"column\" data-e-type=\"column\" data-settings=\"{&quot;background_background&quot;:&quot;classic&quot;}\">\n\t\t\t<div class=\"elementor-widget-wrap elementor-element-populated\">\n\t\t\t\t\t\t<div class=\"elementor-element elementor-element-22a807e1 eael-simple-menu-hamburger-align-left elementor-hidden-tablet elementor-hidden-mobile elementor-hidden-desktop eael_simple_menu_hamburger_disable_selected_menu_no eael-hamburger--tablet elementor-widget elementor-widget-eael-simple-menu\" data-id=\"22a807e1\" data-element_type=\"widget\" data-e-type=\"widget\" data-widget_type=\"eael-simple-menu.default\">\n\t\t\t\t<div class=\"elementor-widget-container\">\n\t\t\t\t\t<style>\n                        @media screen and (max-width: 1024px) {\n                            .eael-hamburger--tablet {\n                                .eael-simple-menu-horizontal,\n                                .eael-simple-menu-vertical {\n                                    display: none;\n                                }\n                            }\n                            .eael-hamburger--tablet {\n                                .eael-simple-menu-container .eael-simple-menu-toggle {\n                                    display: block;\n                                }\n                            }\n                        }\n                    <\/style>            <div data-hamburger-icon=\"&lt;i aria-hidden=&quot;true&quot; class=&quot;fas fa-bars&quot;&gt;&lt;\/i&gt;\" data-indicator-icon=\"&lt;i aria-hidden=&quot;true&quot; class=&quot;fas fa-angle-down&quot;&gt;&lt;\/i&gt;\" data-dropdown-indicator-icon=\"&lt;i class=&quot;fas fa-angle-down&quot;&gt;&lt;\/i&gt;\" class=\"eael-simple-menu-container eael-simple-menu-align-center eael-simple-menu-dropdown-align-left preset-1\" data-hamburger-breakpoints=\"{&quot;mobile&quot;:&quot;M\\u00f3vil en Retrato (&gt; 767px)&quot;,&quot;tablet&quot;:&quot;Tableta vertical (&gt; 1024px)&quot;,&quot;desktop&quot;:&quot;Desktop (&gt; 2400px)&quot;,&quot;none&quot;:&quot;Nada&quot;}\" data-hamburger-device=\"tablet\">\n                <ul id=\"menu-main-menu\" class=\"eael-simple-menu eael-simple-menu-dropdown-animate-zoom-in eael-simple-menu-indicator eael-simple-menu-horizontal\"><li id=\"menu-item-10884\" class=\"menu-item menu-item-type-post_type menu-item-object-page menu-item-home menu-item-10884\"><a href=\"https:\/\/smcmarketingdigital.com\/\" class=\"menu-link\">SMC<\/a><\/li>\n<li id=\"menu-item-1170\" class=\"menu-item menu-item-type-post_type menu-item-object-page menu-item-has-children menu-item-1170\"><a aria-expanded=\"false\" href=\"https:\/\/smcmarketingdigital.com\/index.php\/about\/\" class=\"menu-link\">Creacion Web<span role=\"button\" class=\"dropdown-menu-toggle ast-header-navigation-arrow\" tabindex=\"0\" aria-expanded=\"false\" aria-label=\"Alternar men\u00fa\" aria-haspopup=\"true\"><\/span><\/a>\n<ul class=\"sub-menu\">\n\t<li id=\"menu-item-1854\" class=\"menu-item menu-item-type-post_type menu-item-object-page menu-item-1854\"><a href=\"https:\/\/smcmarketingdigital.com\/index.php\/web-personal-o-startup\/\" class=\"menu-link\">Web personal o startup<\/a><\/li>\n\t<li id=\"menu-item-2869\" class=\"menu-item menu-item-type-post_type menu-item-object-page menu-item-2869\"><a href=\"https:\/\/smcmarketingdigital.com\/index.php\/web-premium\/\" class=\"menu-link\">Web premium<\/a><\/li>\n\t<li id=\"menu-item-1855\" class=\"menu-item menu-item-type-post_type menu-item-object-page menu-item-1855\"><a href=\"https:\/\/smcmarketingdigital.com\/index.php\/landing-page\/\" class=\"menu-link\">Landing page<\/a><\/li>\n\t<li id=\"menu-item-1856\" class=\"menu-item menu-item-type-post_type menu-item-object-page menu-item-1856\"><a href=\"https:\/\/smcmarketingdigital.com\/index.php\/e-commerce\/\" class=\"menu-link\">E-commerce<\/a><\/li>\n\t<li id=\"menu-item-2870\" class=\"menu-item menu-item-type-post_type menu-item-object-page menu-item-2870\"><a href=\"https:\/\/smcmarketingdigital.com\/index.php\/blogs\/\" class=\"menu-link\">Blogs<\/a><\/li>\n<\/ul>\n<\/li>\n<li id=\"menu-item-1172\" class=\"menu-item menu-item-type-post_type menu-item-object-page menu-item-has-children menu-item-1172\"><a aria-expanded=\"false\" href=\"https:\/\/smcmarketingdigital.com\/index.php\/services\/\" class=\"menu-link\">Marketing y publicidad online<span role=\"button\" class=\"dropdown-menu-toggle ast-header-navigation-arrow\" tabindex=\"0\" aria-expanded=\"false\" aria-label=\"Alternar men\u00fa\" aria-haspopup=\"true\"><\/span><\/a>\n<ul class=\"sub-menu\">\n\t<li id=\"menu-item-1870\" class=\"menu-item menu-item-type-post_type menu-item-object-page menu-item-1870\"><a href=\"https:\/\/smcmarketingdigital.com\/index.php\/posicionamiento-seo-2\/\" class=\"menu-link\">Posicionamiento SEO<\/a><\/li>\n\t<li id=\"menu-item-1871\" class=\"menu-item menu-item-type-post_type menu-item-object-page menu-item-1871\"><a href=\"https:\/\/smcmarketingdigital.com\/index.php\/posicionamiento-sem-2\/\" class=\"menu-link\">Campa\u00f1as de Google ADS<\/a><\/li>\n\t<li id=\"menu-item-1864\" class=\"menu-item menu-item-type-post_type menu-item-object-page menu-item-1864\"><a href=\"https:\/\/smcmarketingdigital.com\/index.php\/campanas-de-meta-y-tik-tok-ads\/\" class=\"menu-link\">Campa\u00f1as en redes sociales<\/a><\/li>\n\t<li id=\"menu-item-2880\" class=\"menu-item menu-item-type-post_type menu-item-object-page menu-item-2880\"><a href=\"https:\/\/smcmarketingdigital.com\/index.php\/campanas-de-youtube\/\" class=\"menu-link\">Campa\u00f1as de Youtube<\/a><\/li>\n<\/ul>\n<\/li>\n<li id=\"menu-item-1171\" class=\"menu-item menu-item-type-post_type menu-item-object-page menu-item-1171\"><a href=\"https:\/\/smcmarketingdigital.com\/index.php\/contact\/\" class=\"menu-link\">Contacto<\/a><\/li>\n<\/ul>                <button class=\"eael-simple-menu-toggle\">\n                    <span class=\"sr-only \">Hamburger Toggle Menu<\/span>\n                    <i aria-hidden=\"true\" class=\"fas fa-bars\"><\/i>                <\/button>\n            <\/div>\n            \t\t\t\t<\/div>\n\t\t\t\t<\/div>\n\t\t\t\t<div class=\"elementor-element elementor-element-76446a28 animated-slow elementor-invisible elementor-widget elementor-widget-heading\" data-id=\"76446a28\" data-element_type=\"widget\" data-e-type=\"widget\" data-settings=\"{&quot;_animation&quot;:&quot;bounceIn&quot;,&quot;_animation_mobile&quot;:&quot;rotateIn&quot;,&quot;_animation_delay&quot;:0}\" data-widget_type=\"heading.default\">\n\t\t\t\t<div class=\"elementor-widget-container\">\n\t\t\t\t\t<h1 class=\"elementor-heading-title elementor-size-default\">SMC<\/h1>\t\t\t\t<\/div>\n\t\t\t\t<\/div>\n\t\t\t\t<div class=\"elementor-element elementor-element-8ae3d31 animated-slow elementor-invisible elementor-widget elementor-widget-heading\" data-id=\"8ae3d31\" data-element_type=\"widget\" data-e-type=\"widget\" data-settings=\"{&quot;_animation&quot;:&quot;fadeIn&quot;,&quot;_animation_mobile&quot;:&quot;fadeIn&quot;,&quot;_animation_delay&quot;:1600}\" data-widget_type=\"heading.default\">\n\t\t\t\t<div class=\"elementor-widget-container\">\n\t\t\t\t\t<h1 class=\"elementor-heading-title elementor-size-default\">Marketing Online<\/h1>\t\t\t\t<\/div>\n\t\t\t\t<\/div>\n\t\t\t\t<div class=\"elementor-element elementor-element-2290374f elementor-widget elementor-widget-eael-svg-draw\" data-id=\"2290374f\" data-element_type=\"widget\" data-e-type=\"widget\" data-widget_type=\"eael-svg-draw.default\">\n\t\t\t\t<div class=\"elementor-widget-container\">\n\t\t\t\t\t<div class=\"eael-svg-draw-container page-load \" data-settings=\"{&quot;fill_type&quot;:&quot;none&quot;,&quot;fill_color&quot;:null,&quot;start_point&quot;:&quot;95%&quot;,&quot;end_point&quot;:&quot;10%&quot;,&quot;marker&quot;:false,&quot;loop&quot;:&quot;yes&quot;,&quot;loop_delay&quot;:1.5,&quot;pause&quot;:&quot;no&quot;,&quot;direction&quot;:&quot;reverse&quot;,&quot;excludeStyle&quot;:&quot;no&quot;,&quot;transition&quot;:&quot;1&quot;,&quot;stroke_length&quot;:100,&quot;ease_type&quot;:&quot;none&quot;,&quot;has_pro&quot;:false,&quot;speed&quot;:1}\"><svg class='svg-inline--far-fa-chart-bar  eael-svg-icon' aria-hidden='true' role='img' xmlns='http:\/\/www.w3.org\/2000\/svg' viewBox='0 0 512 512'><path fill='' d='M396.8 352h22.4c6.4 0 12.8-6.4 12.8-12.8V108.8c0-6.4-6.4-12.8-12.8-12.8h-22.4c-6.4 0-12.8 6.4-12.8 12.8v230.4c0 6.4 6.4 12.8 12.8 12.8zm-192 0h22.4c6.4 0 12.8-6.4 12.8-12.8V140.8c0-6.4-6.4-12.8-12.8-12.8h-22.4c-6.4 0-12.8 6.4-12.8 12.8v198.4c0 6.4 6.4 12.8 12.8 12.8zm96 0h22.4c6.4 0 12.8-6.4 12.8-12.8V204.8c0-6.4-6.4-12.8-12.8-12.8h-22.4c-6.4 0-12.8 6.4-12.8 12.8v134.4c0 6.4 6.4 12.8 12.8 12.8zM496 400H48V80c0-8.84-7.16-16-16-16H16C7.16 64 0 71.16 0 80v336c0 17.67 14.33 32 32 32h464c8.84 0 16-7.16 16-16v-16c0-8.84-7.16-16-16-16zm-387.2-48h22.4c6.4 0 12.8-6.4 12.8-12.8v-70.4c0-6.4-6.4-12.8-12.8-12.8h-22.4c-6.4 0-12.8 6.4-12.8 12.8v70.4c0 6.4 6.4 12.8 12.8 12.8z'><\/path><\/svg> <\/div>\t\t\t\t<\/div>\n\t\t\t\t<\/div>\n\t\t\t\t<div class=\"elementor-element elementor-element-62ce1ee8 animated-slow elementor-invisible elementor-widget elementor-widget-text-editor\" data-id=\"62ce1ee8\" data-element_type=\"widget\" data-e-type=\"widget\" data-settings=\"{&quot;_animation&quot;:&quot;fadeInDown&quot;,&quot;_animation_delay&quot;:2400}\" data-widget_type=\"text-editor.default\">\n\t\t\t\t<div class=\"elementor-widget-container\">\n\t\t\t\t\t\t\t\t\t<p>Creadores de contenido digital para empresas.<\/p>\t\t\t\t\t\t\t\t<\/div>\n\t\t\t\t<\/div>\n\t\t\t\t<div class=\"elementor-element elementor-element-56cb2f3d elementor-align-center elementor-hidden-desktop elementor-hidden-tablet elementor-hidden-mobile elementor-widget elementor-widget-button\" data-id=\"56cb2f3d\" data-element_type=\"widget\" data-e-type=\"widget\" data-widget_type=\"button.default\">\n\t\t\t\t<div class=\"elementor-widget-container\">\n\t\t\t\t\t\t\t\t\t<div class=\"elementor-button-wrapper\">\n\t\t\t\t\t<a class=\"elementor-button elementor-button-link elementor-size-sm\" href=\"#Empezamos\">\n\t\t\t\t\t\t<span class=\"elementor-button-content-wrapper\">\n\t\t\t\t\t\t\t\t\t<span class=\"elementor-button-text\">Ver servicios<\/span>\n\t\t\t\t\t<\/span>\n\t\t\t\t\t<\/a>\n\t\t\t\t<\/div>\n\t\t\t\t\t\t\t\t<\/div>\n\t\t\t\t<\/div>\n\t\t\t\t\t<\/div>\n\t\t<\/div>\n\t\t\t\t\t<\/div>\n\t\t<\/section>\n\t\t<div class=\"elementor-element elementor-element-12aaba3 e-flex e-con-boxed e-con e-parent\" data-id=\"12aaba3\" data-element_type=\"container\" data-e-type=\"container\">\n\t\t\t\t\t<div class=\"e-con-inner\">\n\t\t\t\t<div class=\"elementor-element elementor-element-d1e1453 elementor-widget elementor-widget-heading\" data-id=\"d1e1453\" data-element_type=\"widget\" data-e-type=\"widget\" data-widget_type=\"heading.default\">\n\t\t\t\t<div class=\"elementor-widget-container\">\n\t\t\t\t\t<h2 class=\"elementor-heading-title elementor-size-default\">Pol\u00edtica de Cookies<\/h2>\t\t\t\t<\/div>\n\t\t\t\t<\/div>\n\t\t\t\t<div class=\"elementor-element elementor-element-0321010 elementor-widget elementor-widget-text-editor\" data-id=\"0321010\" data-element_type=\"widget\" data-e-type=\"widget\" data-widget_type=\"text-editor.default\">\n\t\t\t\t<div class=\"elementor-widget-container\">\n\t\t\t\t\t\t\t\t\t<p><strong>Pol\u00edtica de Cookies<\/strong><\/p><p>En <b>SMC MARKETING DIGITAL<\/b>\u00a0utilizamos cookies para mejorar su experiencia en nuestro sitio web. Esta pol\u00edtica de cookies explica qu\u00e9 son las cookies, c\u00f3mo las usamos y c\u00f3mo puede gestionarlas.<br \/><br \/><\/p><h4>\u00bfQu\u00e9 son las cookies?<\/h4><p>Las cookies son peque\u00f1os archivos de texto que se almacenan en su dispositivo cuando visita un sitio web. Las cookies nos permiten reconocer su dispositivo y recordar sus preferencias y acciones.<\/p><h4>Tipos de cookies que utilizamos<\/h4><ul><li><strong>Cookies esenciales:<\/strong> Necesarias para el funcionamiento del sitio web. No requieren su consentimiento.<\/li><li><strong>Cookies de rendimiento:<\/strong> Utilizadas para analizar el uso del sitio web y mejorar su rendimiento.<\/li><li><strong>Cookies de funcionalidad:<\/strong> Permiten recordar sus preferencias y personalizar su experiencia.<\/li><li><strong>Cookies de publicidad:<\/strong> Utilizadas para mostrar anuncios relevantes para usted.<\/li><\/ul><h4>Gesti\u00f3n de cookies<\/h4><p>Al continuar navegando en nuestro sitio web, usted acepta el uso de cookies seg\u00fan lo descrito en esta pol\u00edtica. Puede gestionar sus preferencias de cookies a trav\u00e9s de la configuraci\u00f3n de su navegador.<\/p><h4>Cambios en esta pol\u00edtica<\/h4><p>Nos reservamos el derecho de actualizar esta pol\u00edtica de cookies en cualquier momento. Cualquier cambio ser\u00e1 publicado en esta p\u00e1gina.<\/p><p><strong>Fecha de \u00faltima actualizaci\u00f3n:<\/strong> <strong>01\/07\/2024<\/strong><\/p>\t\t\t\t\t\t\t\t<\/div>\n\t\t\t\t<\/div>\n\t\t\t\t\t<\/div>\n\t\t\t\t<\/div>\n\t\t\t\t<\/div>\n\t\t","protected":false},"excerpt":{"rendered":"<p>SMC Creacion Web Web personal o startup Web premium Landing page E-commerce Blogs Marketing y publicidad online Posicionamiento SEO Campa\u00f1as de Google ADS Campa\u00f1as en redes sociales Campa\u00f1as de Youtube Contacto Humberger Toggle Menu SMC Marketing Online Creadores de contenido digital para empresas. Ver servicios Pol\u00edtica de Cookies Pol\u00edtica de Cookies En SMC MARKETING DIGITAL\u00a0utilizamos [&hellip;]<\/p>\n","protected":false},"author":1,"featured_media":0,"parent":0,"menu_order":0,"comment_status":"closed","ping_status":"closed","template":"","meta":{"site-sidebar-layout":"no-sidebar","site-content-layout":"page-builder","ast-site-content-layout":"full-width-container","site-content-style":"default","site-sidebar-style":"default","ast-global-header-display":"","ast-banner-title-visibility":"","ast-main-header-display":"","ast-hfb-above-header-display":"","ast-hfb-below-header-display":"","ast-hfb-mobile-header-display":"","site-post-title":"disabled","ast-breadcrumbs-content":"","ast-featured-img":"disabled","footer-sml-layout":"","ast-disable-related-posts":"","theme-transparent-header-meta":"","adv-header-id-meta":"","stick-header-meta":"","header-above-stick-meta":"","header-main-stick-meta":"","header-below-stick-meta":"","astra-migrate-meta-layouts":"set","ast-page-background-enabled":"default","ast-page-background-meta":{"desktop":{"background-color":"var(--ast-global-color-4)","background-image":"","background-repeat":"repeat","background-position":"center center","background-size":"auto","background-attachment":"scroll","background-type":"","background-media":"","overlay-type":"","overlay-color":"","overlay-opacity":"","overlay-gradient":""},"tablet":{"background-color":"","background-image":"","background-repeat":"repeat","background-position":"center center","background-size":"auto","background-attachment":"scroll","background-type":"","background-media":"","overlay-type":"","overlay-color":"","overlay-opacity":"","overlay-gradient":""},"mobile":{"background-color":"","background-image":"","background-repeat":"repeat","background-position":"center center","background-size":"auto","background-attachment":"scroll","background-type":"","background-media":"","overlay-type":"","overlay-color":"","overlay-opacity":"","overlay-gradient":""}},"ast-content-background-meta":{"desktop":{"background-color":"var(--ast-global-color-5)","background-image":"","background-repeat":"repeat","background-position":"center center","background-size":"auto","background-attachment":"scroll","background-type":"","background-media":"","overlay-type":"","overlay-color":"","overlay-opacity":"","overlay-gradient":""},"tablet":{"background-color":"var(--ast-global-color-5)","background-image":"","background-repeat":"repeat","background-position":"center center","background-size":"auto","background-attachment":"scroll","background-type":"","background-media":"","overlay-type":"","overlay-color":"","overlay-opacity":"","overlay-gradient":""},"mobile":{"background-color":"var(--ast-global-color-5)","background-image":"","background-repeat":"repeat","background-position":"center center","background-size":"auto","background-attachment":"scroll","background-type":"","background-media":"","overlay-type":"","overlay-color":"","overlay-opacity":"","overlay-gradient":""}},"_joinchat":[],"footnotes":""},"class_list":["post-9284","page","type-page","status-publish","hentry"],"yoast_head":"<!-- This site is optimized with the Yoast SEO plugin v27.3 - https:\/\/yoast.com\/product\/yoast-seo-wordpress\/ -->\n<title>SMC Marketing Digital: Creaci\u00f3n Web, SEO y Publicidad Online<\/title>\n<meta name=\"description\" content=\"M\u00e1s de 10 a\u00f1os de experiencia impulsando negocios online. Creaci\u00f3n web, gesti\u00f3n profesional de campa\u00f1as publicitarias, desarrollo SEO y m\u00e1s. Trabajamos contigo para ser rentables desde el primer momento. \u00a1Con\u00f3cenos!\" \/>\n<meta name=\"robots\" content=\"index, follow, max-snippet:-1, max-image-preview:large, max-video-preview:-1\" \/>\n<link rel=\"canonical\" href=\"https:\/\/smcmarketingdigital.com\/index.php\/politica-de-cookies\/\" \/>\n<meta property=\"og:locale\" content=\"es_MX\" \/>\n<meta property=\"og:type\" content=\"article\" \/>\n<meta property=\"og:title\" content=\"SMC Marketing Digital: Creaci\u00f3n Web, SEO y Publicidad Online\" \/>\n<meta property=\"og:description\" content=\"M\u00e1s de 10 a\u00f1os de experiencia impulsando negocios online. Creaci\u00f3n web, gesti\u00f3n profesional de campa\u00f1as publicitarias, desarrollo SEO y m\u00e1s. Trabajamos contigo para ser rentables desde el primer momento. \u00a1Con\u00f3cenos!\" \/>\n<meta property=\"og:url\" content=\"https:\/\/smcmarketingdigital.com\/index.php\/politica-de-cookies\/\" \/>\n<meta property=\"og:site_name\" content=\"SMC MARKETING DIGITAL\" \/>\n<meta property=\"article:modified_time\" content=\"2024-07-02T02:44:12+00:00\" \/>\n<meta property=\"og:image\" content=\"https:\/\/smcmarketingdigital.com\/wp-content\/uploads\/2024\/07\/WhatsApp-Image-2024-07-06-at-6.41.23-AM-1.jpeg\" \/>\n\t<meta property=\"og:image:width\" content=\"1600\" \/>\n\t<meta property=\"og:image:height\" content=\"800\" \/>\n\t<meta property=\"og:image:type\" content=\"image\/jpeg\" \/>\n<meta name=\"twitter:card\" content=\"summary_large_image\" \/>\n<meta name=\"twitter:label1\" content=\"Tiempo de lectura\" \/>\n\t<meta name=\"twitter:data1\" content=\"1 minuto\" \/>\n<script type=\"application\/ld+json\" class=\"yoast-schema-graph\">{\"@context\":\"https:\\\/\\\/schema.org\",\"@graph\":[{\"@type\":\"WebPage\",\"@id\":\"https:\\\/\\\/smcmarketingdigital.com\\\/index.php\\\/politica-de-cookies\\\/\",\"url\":\"https:\\\/\\\/smcmarketingdigital.com\\\/index.php\\\/politica-de-cookies\\\/\",\"name\":\"SMC Marketing Digital: Creaci\u00f3n Web, SEO y Publicidad Online\",\"isPartOf\":{\"@id\":\"https:\\\/\\\/smcmarketingdigital.com\\\/#website\"},\"datePublished\":\"2024-07-02T02:34:28+00:00\",\"dateModified\":\"2024-07-02T02:44:12+00:00\",\"description\":\"M\u00e1s de 10 a\u00f1os de experiencia impulsando negocios online. Creaci\u00f3n web, gesti\u00f3n profesional de campa\u00f1as publicitarias, desarrollo SEO y m\u00e1s. Trabajamos contigo para ser rentables desde el primer momento. \u00a1Con\u00f3cenos!\",\"breadcrumb\":{\"@id\":\"https:\\\/\\\/smcmarketingdigital.com\\\/index.php\\\/politica-de-cookies\\\/#breadcrumb\"},\"inLanguage\":\"es\",\"potentialAction\":[{\"@type\":\"ReadAction\",\"target\":[\"https:\\\/\\\/smcmarketingdigital.com\\\/index.php\\\/politica-de-cookies\\\/\"]}]},{\"@type\":\"BreadcrumbList\",\"@id\":\"https:\\\/\\\/smcmarketingdigital.com\\\/index.php\\\/politica-de-cookies\\\/#breadcrumb\",\"itemListElement\":[{\"@type\":\"ListItem\",\"position\":1,\"name\":\"Inicio\",\"item\":\"https:\\\/\\\/smcmarketingdigital.com\\\/\"},{\"@type\":\"ListItem\",\"position\":2,\"name\":\"Pol\u00edtica de Cookies\"}]},{\"@type\":\"WebSite\",\"@id\":\"https:\\\/\\\/smcmarketingdigital.com\\\/#website\",\"url\":\"https:\\\/\\\/smcmarketingdigital.com\\\/\",\"name\":\"SMC MARKETING DIGITAL\",\"description\":\"La Agencia de Marketing Digital cerca tuyo\",\"publisher\":{\"@id\":\"https:\\\/\\\/smcmarketingdigital.com\\\/#organization\"},\"potentialAction\":[{\"@type\":\"SearchAction\",\"target\":{\"@type\":\"EntryPoint\",\"urlTemplate\":\"https:\\\/\\\/smcmarketingdigital.com\\\/?s={search_term_string}\"},\"query-input\":{\"@type\":\"PropertyValueSpecification\",\"valueRequired\":true,\"valueName\":\"search_term_string\"}}],\"inLanguage\":\"es\"},{\"@type\":\"Organization\",\"@id\":\"https:\\\/\\\/smcmarketingdigital.com\\\/#organization\",\"name\":\"SMC Marketing Digital\",\"url\":\"https:\\\/\\\/smcmarketingdigital.com\\\/\",\"logo\":{\"@type\":\"ImageObject\",\"inLanguage\":\"es\",\"@id\":\"https:\\\/\\\/smcmarketingdigital.com\\\/#\\\/schema\\\/logo\\\/image\\\/\",\"url\":\"https:\\\/\\\/smcmarketingdigital.com\\\/wp-content\\\/uploads\\\/2024\\\/07\\\/cropped-the__15_-removebg-preview-1-1.png\",\"contentUrl\":\"https:\\\/\\\/smcmarketingdigital.com\\\/wp-content\\\/uploads\\\/2024\\\/07\\\/cropped-the__15_-removebg-preview-1-1.png\",\"width\":512,\"height\":512,\"caption\":\"SMC Marketing Digital\"},\"image\":{\"@id\":\"https:\\\/\\\/smcmarketingdigital.com\\\/#\\\/schema\\\/logo\\\/image\\\/\"}}]}<\/script>\n<!-- \/ Yoast SEO plugin. -->","yoast_head_json":{"title":"SMC Marketing Digital: Creaci\u00f3n Web, SEO y Publicidad Online","description":"M\u00e1s de 10 a\u00f1os de experiencia impulsando negocios online. Creaci\u00f3n web, gesti\u00f3n profesional de campa\u00f1as publicitarias, desarrollo SEO y m\u00e1s. Trabajamos contigo para ser rentables desde el primer momento. \u00a1Con\u00f3cenos!","robots":{"index":"index","follow":"follow","max-snippet":"max-snippet:-1","max-image-preview":"max-image-preview:large","max-video-preview":"max-video-preview:-1"},"canonical":"https:\/\/smcmarketingdigital.com\/index.php\/politica-de-cookies\/","og_locale":"es_MX","og_type":"article","og_title":"SMC Marketing Digital: Creaci\u00f3n Web, SEO y Publicidad Online","og_description":"M\u00e1s de 10 a\u00f1os de experiencia impulsando negocios online. Creaci\u00f3n web, gesti\u00f3n profesional de campa\u00f1as publicitarias, desarrollo SEO y m\u00e1s. Trabajamos contigo para ser rentables desde el primer momento. \u00a1Con\u00f3cenos!","og_url":"https:\/\/smcmarketingdigital.com\/index.php\/politica-de-cookies\/","og_site_name":"SMC MARKETING DIGITAL","article_modified_time":"2024-07-02T02:44:12+00:00","og_image":[{"width":1600,"height":800,"url":"https:\/\/smcmarketingdigital.com\/wp-content\/uploads\/2024\/07\/WhatsApp-Image-2024-07-06-at-6.41.23-AM-1.jpeg","type":"image\/jpeg"}],"twitter_card":"summary_large_image","twitter_misc":{"Tiempo de lectura":"1 minuto"},"schema":{"@context":"https:\/\/schema.org","@graph":[{"@type":"WebPage","@id":"https:\/\/smcmarketingdigital.com\/index.php\/politica-de-cookies\/","url":"https:\/\/smcmarketingdigital.com\/index.php\/politica-de-cookies\/","name":"SMC Marketing Digital: Creaci\u00f3n Web, SEO y Publicidad Online","isPartOf":{"@id":"https:\/\/smcmarketingdigital.com\/#website"},"datePublished":"2024-07-02T02:34:28+00:00","dateModified":"2024-07-02T02:44:12+00:00","description":"M\u00e1s de 10 a\u00f1os de experiencia impulsando negocios online. Creaci\u00f3n web, gesti\u00f3n profesional de campa\u00f1as publicitarias, desarrollo SEO y m\u00e1s. Trabajamos contigo para ser rentables desde el primer momento. \u00a1Con\u00f3cenos!","breadcrumb":{"@id":"https:\/\/smcmarketingdigital.com\/index.php\/politica-de-cookies\/#breadcrumb"},"inLanguage":"es","potentialAction":[{"@type":"ReadAction","target":["https:\/\/smcmarketingdigital.com\/index.php\/politica-de-cookies\/"]}]},{"@type":"BreadcrumbList","@id":"https:\/\/smcmarketingdigital.com\/index.php\/politica-de-cookies\/#breadcrumb","itemListElement":[{"@type":"ListItem","position":1,"name":"Inicio","item":"https:\/\/smcmarketingdigital.com\/"},{"@type":"ListItem","position":2,"name":"Pol\u00edtica de Cookies"}]},{"@type":"WebSite","@id":"https:\/\/smcmarketingdigital.com\/#website","url":"https:\/\/smcmarketingdigital.com\/","name":"SMC MARKETING DIGITAL","description":"La Agencia de Marketing Digital cerca tuyo","publisher":{"@id":"https:\/\/smcmarketingdigital.com\/#organization"},"potentialAction":[{"@type":"SearchAction","target":{"@type":"EntryPoint","urlTemplate":"https:\/\/smcmarketingdigital.com\/?s={search_term_string}"},"query-input":{"@type":"PropertyValueSpecification","valueRequired":true,"valueName":"search_term_string"}}],"inLanguage":"es"},{"@type":"Organization","@id":"https:\/\/smcmarketingdigital.com\/#organization","name":"SMC Marketing Digital","url":"https:\/\/smcmarketingdigital.com\/","logo":{"@type":"ImageObject","inLanguage":"es","@id":"https:\/\/smcmarketingdigital.com\/#\/schema\/logo\/image\/","url":"https:\/\/smcmarketingdigital.com\/wp-content\/uploads\/2024\/07\/cropped-the__15_-removebg-preview-1-1.png","contentUrl":"https:\/\/smcmarketingdigital.com\/wp-content\/uploads\/2024\/07\/cropped-the__15_-removebg-preview-1-1.png","width":512,"height":512,"caption":"SMC Marketing Digital"},"image":{"@id":"https:\/\/smcmarketingdigital.com\/#\/schema\/logo\/image\/"}}]}},"_links":{"self":[{"href":"https:\/\/smcmarketingdigital.com\/index.php\/wp-json\/wp\/v2\/pages\/9284","targetHints":{"allow":["GET"]}}],"collection":[{"href":"https:\/\/smcmarketingdigital.com\/index.php\/wp-json\/wp\/v2\/pages"}],"about":[{"href":"https:\/\/smcmarketingdigital.com\/index.php\/wp-json\/wp\/v2\/types\/page"}],"author":[{"embeddable":true,"href":"https:\/\/smcmarketingdigital.com\/index.php\/wp-json\/wp\/v2\/users\/1"}],"replies":[{"embeddable":true,"href":"https:\/\/smcmarketingdigital.com\/index.php\/wp-json\/wp\/v2\/comments?post=9284"}],"version-history":[{"count":0,"href":"https:\/\/smcmarketingdigital.com\/index.php\/wp-json\/wp\/v2\/pages\/9284\/revisions"}],"wp:attachment":[{"href":"https:\/\/smcmarketingdigital.com\/index.php\/wp-json\/wp\/v2\/media?parent=9284"}],"curies":[{"name":"wp","href":"https:\/\/api.w.org\/{rel}","templated":true}]}}